{"id":15,"date":"2020-12-04T15:18:21","date_gmt":"2020-12-04T15:18:21","guid":{"rendered":"https:\/\/abogadosoria.com\/?page_id=15"},"modified":"2020-12-05T14:38:26","modified_gmt":"2020-12-05T13:38:26","slug":"contacto-telefono","status":"publish","type":"page","link":"https:\/\/abogadosoria.com\/?page_id=15","title":{"rendered":"Contacto:"},"content":{"rendered":"\n<p><strong>Tel\u00e9fono y Fax:  975 22 97 96 <\/strong><\/p>\n\n\n\n<p><strong>Tel\u00e9fono m\u00f3vil:  608205491<\/strong><\/p>\n\n\n\n<p><a rel=\"noreferrer noopener\" href=\"https:\/\/www.facebook.com\/AbogadoSoria\/\" target=\"_blank\">https:\/\/www.facebook.com\/AbogadoSoria\/<\/a><\/p>\n\n\n\n<p>Correo a Jose \u00c1ngel P\u00e9rez -> <a href=\"mailto:joseangel@abogadomiguelperez.es\" target=\"_blank\" rel=\"noreferrer noopener\">mailto:joseangel@abogadomiguelperez.es<\/a><\/p>\n\n\n\n<p>Correo a Marta Delgado -> <a href=\"mailto:mdelgadomachin@icasoria.com\">mailto:mdelgadomachin@icasoria.com<\/a><\/p>\n\n\n\n<p><strong>Puede pedir cita o presupuesto a trav\u00e9s de este formulario<\/strong><\/p>\n\n\n<div class=\"wpforms-container wpforms-container-full wpforms-block\" id=\"wpforms-97\"><form id=\"wpforms-form-97\" class=\"wpforms-validate wpforms-form\" data-formid=\"97\" method=\"post\" enctype=\"multipart\/form-data\" action=\"\/index.php?rest_route=%2Fwp%2Fv2%2Fpages%2F15\" data-token=\"9f472f96014894106d16f31d339200d2\" data-token-time=\"1776373791\"><noscript class=\"wpforms-error-noscript\">Por favor, activa JavaScript en tu navegador para completar este formulario.<\/noscript><div class=\"wpforms-field-container\"><div id=\"wpforms-97-field_0-container\" class=\"wpforms-field wpforms-field-name\" data-field-id=\"0\"><label class=\"wpforms-field-label\" for=\"wpforms-97-field_0\">Nombre <span class=\"wpforms-required-label\">*<\/span><\/label><input type=\"text\" id=\"wpforms-97-field_0\" class=\"wpforms-field-medium wpforms-field-required\" name=\"wpforms[fields][0]\" required><\/div><div id=\"wpforms-97-field_1-container\" class=\"wpforms-field wpforms-field-email\" data-field-id=\"1\"><label class=\"wpforms-field-label\" for=\"wpforms-97-field_1\">Correo electr\u00f3nico <span class=\"wpforms-required-label\">*<\/span><\/label><input type=\"email\" id=\"wpforms-97-field_1\" class=\"wpforms-field-medium wpforms-field-required\" name=\"wpforms[fields][1]\" spellcheck=\"false\" required><\/div><div id=\"wpforms-97-field_2-container\" class=\"wpforms-field wpforms-field-textarea\" data-field-id=\"2\"><label class=\"wpforms-field-label\" for=\"wpforms-97-field_2\">Comentario o mensaje <span class=\"wpforms-required-label\">*<\/span><\/label><textarea id=\"wpforms-97-field_2\" class=\"wpforms-field-medium wpforms-field-required\" name=\"wpforms[fields][2]\" required><\/textarea><\/div><\/div><!-- .wpforms-field-container --><div class=\"wpforms-submit-container\" ><input type=\"hidden\" name=\"wpforms[id]\" value=\"97\"><input type=\"hidden\" name=\"page_title\" value=\"\"><input type=\"hidden\" name=\"page_url\" value=\"https:\/\/abogadosoria.com\/index.php?rest_route=\/wp\/v2\/pages\/15\"><input type=\"hidden\" name=\"url_referer\" value=\"\"><button type=\"submit\" name=\"wpforms[submit]\" id=\"wpforms-submit-97\" class=\"wpforms-submit\" data-alt-text=\"Enviando...\" data-submit-text=\"Enviar\" aria-live=\"assertive\" value=\"wpforms-submit\">Enviar<\/button><\/div><\/form><\/div>  <!-- .wpforms-container -->\n\n\n<p><\/p>\n","protected":false},"excerpt":{"rendered":"<p>Tel\u00e9fono y Fax: 975 22 97 96 Tel\u00e9fono m\u00f3vil: 608205491 https:\/\/www.facebook.com\/AbogadoSoria\/ Correo a Jose \u00c1ngel P\u00e9rez -> mailto:joseangel@abogadomiguelperez.es Correo a Marta Delgado -> mailto:mdelgadomachin@icasoria.com Puede pedir cita o presupuesto a trav\u00e9s de este formulario<\/p>\n","protected":false},"author":1,"featured_media":24,"parent":0,"menu_order":0,"comment_status":"closed","ping_status":"closed","template":"","meta":{"_monsterinsights_skip_tracking":false,"_monsterinsights_sitenote_active":false,"_monsterinsights_sitenote_note":"","_monsterinsights_sitenote_category":0,"footnotes":""},"class_list":["post-15","page","type-page","status-publish","has-post-thumbnail","hentry"],"_links":{"self":[{"href":"https:\/\/abogadosoria.com\/index.php?rest_route=\/wp\/v2\/pages\/15","targetHints":{"allow":["GET"]}}],"collection":[{"href":"https:\/\/abogadosoria.com\/index.php?rest_route=\/wp\/v2\/pages"}],"about":[{"href":"https:\/\/abogadosoria.com\/index.php?rest_route=\/wp\/v2\/types\/page"}],"author":[{"embeddable":true,"href":"https:\/\/abogadosoria.com\/index.php?rest_route=\/wp\/v2\/users\/1"}],"replies":[{"embeddable":true,"href":"https:\/\/abogadosoria.com\/index.php?rest_route=%2Fwp%2Fv2%2Fcomments&post=15"}],"version-history":[{"count":7,"href":"https:\/\/abogadosoria.com\/index.php?rest_route=\/wp\/v2\/pages\/15\/revisions"}],"predecessor-version":[{"id":124,"href":"https:\/\/abogadosoria.com\/index.php?rest_route=\/wp\/v2\/pages\/15\/revisions\/124"}],"wp:featuredmedia":[{"embeddable":true,"href":"https:\/\/abogadosoria.com\/index.php?rest_route=\/wp\/v2\/media\/24"}],"wp:attachment":[{"href":"https:\/\/abogadosoria.com\/index.php?rest_route=%2Fwp%2Fv2%2Fmedia&parent=15"}],"curies":[{"name":"wp","href":"https:\/\/api.w.org\/{rel}","templated":true}]}}