{"id":13,"date":"2020-12-04T15:18:21","date_gmt":"2020-12-04T15:18:21","guid":{"rendered":"https:\/\/abogadosoria.com\/?page_id=13"},"modified":"2020-12-05T10:36:49","modified_gmt":"2020-12-05T10:36:49","slug":"inicio","status":"publish","type":"page","link":"https:\/\/abogadosoria.com\/","title":{"rendered":"Inicio"},"content":{"rendered":"\n<p><strong>El despacho D&amp;D Abogados, es un gabinete profesional ubicado en Soria capital, con proyecci\u00f3n a todo el \u00e1mbito estatal.<\/strong><\/p>\n\n\n\n<p>La atenci\u00f3n y la confianza que se trasmite al cliente son se\u00f1as de identidad de un hacer serio, responsable y eficaz en todos los \u00e1mbitos donde tenga que hacer valer sus derechos.<\/p>\n","protected":false},"excerpt":{"rendered":"<p>El despacho D&amp;D Abogados, es un gabinete profesional ubicado en Soria capital, con proyecci\u00f3n a todo el \u00e1mbito estatal. La atenci\u00f3n y la confianza que se trasmite al cliente son se\u00f1as de identidad de un hacer serio, responsable y eficaz en todos los \u00e1mbitos donde tenga que hacer valer sus derechos.<\/p>\n","protected":false},"author":1,"featured_media":0,"parent":0,"menu_order":0,"comment_status":"closed","ping_status":"closed","template":"","meta":{"_monsterinsights_skip_tracking":false,"_monsterinsights_sitenote_active":false,"_monsterinsights_sitenote_note":"","_monsterinsights_sitenote_category":0,"footnotes":""},"class_list":["post-13","page","type-page","status-publish","hentry"],"_links":{"self":[{"href":"https:\/\/abogadosoria.com\/index.php?rest_route=\/wp\/v2\/pages\/13","targetHints":{"allow":["GET"]}}],"collection":[{"href":"https:\/\/abogadosoria.com\/index.php?rest_route=\/wp\/v2\/pages"}],"about":[{"href":"https:\/\/abogadosoria.com\/index.php?rest_route=\/wp\/v2\/types\/page"}],"author":[{"embeddable":true,"href":"https:\/\/abogadosoria.com\/index.php?rest_route=\/wp\/v2\/users\/1"}],"replies":[{"embeddable":true,"href":"https:\/\/abogadosoria.com\/index.php?rest_route=%2Fwp%2Fv2%2Fcomments&post=13"}],"version-history":[{"count":4,"href":"https:\/\/abogadosoria.com\/index.php?rest_route=\/wp\/v2\/pages\/13\/revisions"}],"predecessor-version":[{"id":44,"href":"https:\/\/abogadosoria.com\/index.php?rest_route=\/wp\/v2\/pages\/13\/revisions\/44"}],"wp:attachment":[{"href":"https:\/\/abogadosoria.com\/index.php?rest_route=%2Fwp%2Fv2%2Fmedia&parent=13"}],"curies":[{"name":"wp","href":"https:\/\/api.w.org\/{rel}","templated":true}]}}